{"id":244,"date":"2025-05-22T02:12:56","date_gmt":"2025-05-22T02:12:56","guid":{"rendered":"https:\/\/www.hudci.cz\/?page_id=244"},"modified":"2026-03-05T15:34:47","modified_gmt":"2026-03-05T15:34:47","slug":"podpora","status":"publish","type":"page","link":"https:\/\/www.hudci.cz\/?page_id=244","title":{"rendered":"PODPORA"},"content":{"rendered":"\n<p>Evropsk\u00fd Zem\u011bd\u011blsk\u00fd fond pro rozvoj venkova<\/p>\n\n\n\n<p>V r\u00e1mci dota\u010dn\u00edho \u0159\u00edzen\u00ed pro podporu venkova z\u00edskala Cimb\u00e1lov\u00e1 muzika Hudci vybaven\u00ed pro svou \u010dinnost z prost\u0159edk\u016f MZe \u010cR a EU d\u00edky pomoci MAS Kyjovsk\u00e9 Slov\u00e1cko v pohybu z.s.<\/p>\n\n\n\n<div class=\"wp-block-columns is-layout-flex wp-container-core-columns-is-layout-9d6595d7 wp-block-columns-is-layout-flex\">\n<div class=\"wp-block-column is-layout-flow wp-block-column-is-layout-flow\">\n<figure class=\"wp-block-image size-large\"><img loading=\"lazy\" decoding=\"async\" width=\"1024\" height=\"624\" src=\"https:\/\/www.hudci.cz\/wp-content\/uploads\/2025\/05\/Propagace-EU-2-1-1024x624.jpg\" alt=\"\" class=\"wp-image-250\" srcset=\"https:\/\/www.hudci.cz\/wp-content\/uploads\/2025\/05\/Propagace-EU-2-1-1024x624.jpg 1024w, https:\/\/www.hudci.cz\/wp-content\/uploads\/2025\/05\/Propagace-EU-2-1-300x183.jpg 300w, https:\/\/www.hudci.cz\/wp-content\/uploads\/2025\/05\/Propagace-EU-2-1-768x468.jpg 768w, https:\/\/www.hudci.cz\/wp-content\/uploads\/2025\/05\/Propagace-EU-2-1-1536x936.jpg 1536w, https:\/\/www.hudci.cz\/wp-content\/uploads\/2025\/05\/Propagace-EU-2-1-2048x1248.jpg 2048w\" sizes=\"auto, (max-width: 767px) 89vw, (max-width: 1000px) 54vw, (max-width: 1071px) 543px, 580px\" \/><\/figure>\n<\/div>\n<\/div>\n\n\n\n<figure class=\"wp-block-image size-large\"><img loading=\"lazy\" decoding=\"async\" width=\"724\" height=\"1024\" src=\"https:\/\/www.hudci.cz\/wp-content\/uploads\/2025\/05\/publicita_mas_1-724x1024.jpg\" alt=\"\" class=\"wp-image-251\" srcset=\"https:\/\/www.hudci.cz\/wp-content\/uploads\/2025\/05\/publicita_mas_1-724x1024.jpg 724w, https:\/\/www.hudci.cz\/wp-content\/uploads\/2025\/05\/publicita_mas_1-212x300.jpg 212w, https:\/\/www.hudci.cz\/wp-content\/uploads\/2025\/05\/publicita_mas_1-768x1086.jpg 768w, https:\/\/www.hudci.cz\/wp-content\/uploads\/2025\/05\/publicita_mas_1-1086x1536.jpg 1086w, https:\/\/www.hudci.cz\/wp-content\/uploads\/2025\/05\/publicita_mas_1-1448x2048.jpg 1448w, https:\/\/www.hudci.cz\/wp-content\/uploads\/2025\/05\/publicita_mas_1-scaled.jpg 1810w\" sizes=\"auto, (max-width: 724px) 100vw, 724px\" \/><\/figure>\n","protected":false},"excerpt":{"rendered":"<p>Evropsk\u00fd Zem\u011bd\u011blsk\u00fd fond pro rozvoj venkova V r\u00e1mci dota\u010dn\u00edho \u0159\u00edzen\u00ed pro podporu venkova z\u00edskala Cimb\u00e1lov\u00e1 muzika Hudci vybaven\u00ed pro svou \u010dinnost z prost\u0159edk\u016f MZe \u010cR a EU d\u00edky pomoci MAS Kyjovsk\u00e9 Slov\u00e1cko v pohybu z.s.<\/p>\n","protected":false},"author":1,"featured_media":0,"parent":0,"menu_order":0,"comment_status":"closed","ping_status":"closed","template":"","meta":{"footnotes":""},"class_list":["post-244","page","type-page","status-publish","hentry"],"_links":{"self":[{"href":"https:\/\/www.hudci.cz\/index.php?rest_route=\/wp\/v2\/pages\/244","targetHints":{"allow":["GET"]}}],"collection":[{"href":"https:\/\/www.hudci.cz\/index.php?rest_route=\/wp\/v2\/pages"}],"about":[{"href":"https:\/\/www.hudci.cz\/index.php?rest_route=\/wp\/v2\/types\/page"}],"author":[{"embeddable":true,"href":"https:\/\/www.hudci.cz\/index.php?rest_route=\/wp\/v2\/users\/1"}],"replies":[{"embeddable":true,"href":"https:\/\/www.hudci.cz\/index.php?rest_route=%2Fwp%2Fv2%2Fcomments&post=244"}],"version-history":[{"count":3,"href":"https:\/\/www.hudci.cz\/index.php?rest_route=\/wp\/v2\/pages\/244\/revisions"}],"predecessor-version":[{"id":256,"href":"https:\/\/www.hudci.cz\/index.php?rest_route=\/wp\/v2\/pages\/244\/revisions\/256"}],"wp:attachment":[{"href":"https:\/\/www.hudci.cz\/index.php?rest_route=%2Fwp%2Fv2%2Fmedia&parent=244"}],"curies":[{"name":"wp","href":"https:\/\/api.w.org\/{rel}","templated":true}]}}